{"id":100,"date":"2024-01-25T16:05:20","date_gmt":"2024-01-25T16:05:20","guid":{"rendered":"http:\/\/kinderarzt-haidvogl.at\/?page_id=100"},"modified":"2025-01-10T10:14:03","modified_gmt":"2025-01-10T10:14:03","slug":"wahlarzt","status":"publish","type":"page","link":"http:\/\/kinderarzt-haidvogl.at\/index.php\/wahlarzt\/","title":{"rendered":"Wahlarzt"},"content":{"rendered":"<div  class='flex_column av-r3dw-f2a17b6a573728d9a2681fcc5a5641f6 av_one_full  avia-builder-el-0  el_before_av_one_third  avia-builder-el-first  first flex_column_div  '     ><style type=\"text\/css\" data-created_by=\"avia_inline_auto\" id=\"style-css-av-lrthee9d-c0feabf3de36efeb609b34db26d748b1\">\n.avia-image-container.av-lrthee9d-c0feabf3de36efeb609b34db26d748b1 img.avia_image{\nbox-shadow:none;\n}\n.avia-image-container.av-lrthee9d-c0feabf3de36efeb609b34db26d748b1 .av-image-caption-overlay-center{\ncolor:#ffffff;\n}\n<\/style>\n<div  class='avia-image-container av-lrthee9d-c0feabf3de36efeb609b34db26d748b1 av-styling- avia-align-center  avia-builder-el-1  avia-builder-el-no-sibling '   itemprop=\"image\" itemscope=\"itemscope\" itemtype=\"https:\/\/schema.org\/ImageObject\" ><div class=\"avia-image-container-inner\"><div class=\"avia-image-overlay-wrap\"><img decoding=\"async\" class='wp-image-103 avia-img-lazy-loading-not-103 avia_image ' src=\"http:\/\/kinderarzt-haidvogl.at\/wp-content\/uploads\/2024\/01\/maxuli_haidvogl_slider.jpg\" alt='' title='max+uli_haidvogl_slider'  height=\"670\" width=\"1920\"  itemprop=\"thumbnailUrl\" srcset=\"http:\/\/kinderarzt-haidvogl.at\/wp-content\/uploads\/2024\/01\/maxuli_haidvogl_slider.jpg 1920w, http:\/\/kinderarzt-haidvogl.at\/wp-content\/uploads\/2024\/01\/maxuli_haidvogl_slider-300x105.jpg 300w, http:\/\/kinderarzt-haidvogl.at\/wp-content\/uploads\/2024\/01\/maxuli_haidvogl_slider-1024x357.jpg 1024w, http:\/\/kinderarzt-haidvogl.at\/wp-content\/uploads\/2024\/01\/maxuli_haidvogl_slider-768x268.jpg 768w, http:\/\/kinderarzt-haidvogl.at\/wp-content\/uploads\/2024\/01\/maxuli_haidvogl_slider-1536x536.jpg 1536w, http:\/\/kinderarzt-haidvogl.at\/wp-content\/uploads\/2024\/01\/maxuli_haidvogl_slider-1500x523.jpg 1500w, http:\/\/kinderarzt-haidvogl.at\/wp-content\/uploads\/2024\/01\/maxuli_haidvogl_slider-705x246.jpg 705w, http:\/\/kinderarzt-haidvogl.at\/wp-content\/uploads\/2024\/01\/maxuli_haidvogl_slider-1210x423.jpg 1210w\" sizes=\"(max-width: 1920px) 100vw, 1920px\" \/><\/div><\/div><\/div><\/div>\n<div  class='flex_column av-gqtgs-d5f4b6ed1850616cf34798a88bfe3c76 av_one_third  avia-builder-el-2  el_after_av_one_full  el_before_av_one_third  first flex_column_div  column-top-margin'     ><\/div>\n<div  class='flex_column av-9239w-d147a5c6282133745ced81ce7ad82eea av_one_third  avia-builder-el-3  el_after_av_one_third  el_before_av_one_third  flex_column_div  column-top-margin'     ><section  class='av_textblock_section av-lrthjllt-63398c0fa2159dfd3b5f79d2e4499c6f '   itemscope=\"itemscope\" itemtype=\"https:\/\/schema.org\/CreativeWork\" ><div class='avia_textblock'  itemprop=\"text\" ><div id=\"u244073-15\" class=\"clearfix grpelem\" data-muse-uid=\"U244073\" data-muse-type=\"txt_frame\" data-ibe-flags=\"txtStyleSrc\">\n<p id=\"u244073-3\"><strong><span id=\"u244073\">DR. ULRIKE HAIDVOGL<\/span><\/strong><br class=\"avia-permanent-lb\" \/>(Wahl\u00e4rztin)<\/p>\n<\/div>\n<\/div><\/section><\/div><div  class='flex_column av-ky484-8063028d48150081e87c0c6d89bfb6ac av_one_third  avia-builder-el-5  el_after_av_one_third  el_before_av_one_third  flex_column_div  column-top-margin'     ><section  class='av_textblock_section av-lrthmf1b-c070298e1ae3c1a635f75a105479de51 '   itemscope=\"itemscope\" itemtype=\"https:\/\/schema.org\/CreativeWork\" ><div class='avia_textblock'  itemprop=\"text\" ><div id=\"u244073-15\" class=\"clearfix grpelem\" data-muse-uid=\"U244073\" data-muse-type=\"txt_frame\" data-ibe-flags=\"txtStyleSrc\">\n<p id=\"u244073-9\"><b>DR. MAX HAIDVOGL<\/b><br class=\"avia-permanent-lb\" \/>BVA, VAE, SVG<br \/>\n(Direktverrechnung mit Krankenkasse) <br class=\"avia-permanent-lb\" \/>und privat (Wahlarzt)<\/p>\n<\/div>\n<\/div><\/section><\/div><\/p>\n<div  class='flex_column av-fy524-3e4b670eb5f65f59f5e9a6b88652e4c8 av_one_third  avia-builder-el-7  el_after_av_one_third  el_before_av_one_third  first flex_column_div  column-top-margin'     ><\/div>\n<div  class='flex_column av-9cp7w-eb59fb26d7e624106851e8299d3960a6 av_one_third  avia-builder-el-8  el_after_av_one_third  avia-builder-el-last  flex_column_div  column-top-margin'     ><section  class='av_textblock_section av-lrthmkc5-eef3a13186be3da29b3100db981436f5 '   itemscope=\"itemscope\" itemtype=\"https:\/\/schema.org\/CreativeWork\" ><div class='avia_textblock'  itemprop=\"text\" ><div id=\"u244073-15\" class=\"clearfix grpelem\" data-muse-uid=\"U244073\" data-muse-type=\"txt_frame\" data-ibe-flags=\"txtStyleSrc\"><\/div>\n<div id=\"u244042-8\" class=\"clearfix grpelem\" data-muse-uid=\"U244042\" data-muse-type=\"txt_frame\" data-ibe-flags=\"txtStyleSrc\">\n<p id=\"u244042-2\">Ein Wahlarzt steht in keinem Vertragsverh\u00e4ltnis zur Krankenkasse. Sie sind daher Privatpatient und die Rechnung muss von Ihnen bezahlt werden.<\/p>\n<p id=\"u244042-5\">Bei der Krankenkasse kann ein Antrag auf Kosten-R\u00fcckerstattung gestellt werden. Wenn Sie m\u00f6chten wird dies direkt von uns erledigt. Danach wird ein entsprechender Anteil der Kosten r\u00fcckerstattet.<\/p>\n<\/div>\n<\/div><\/section><\/div>\n","protected":false},"excerpt":{"rendered":"","protected":false},"author":1,"featured_media":0,"parent":0,"menu_order":0,"comment_status":"closed","ping_status":"closed","template":"","meta":{"footnotes":""},"class_list":["post-100","page","type-page","status-publish","hentry"],"_links":{"self":[{"href":"http:\/\/kinderarzt-haidvogl.at\/index.php\/wp-json\/wp\/v2\/pages\/100","targetHints":{"allow":["GET"]}}],"collection":[{"href":"http:\/\/kinderarzt-haidvogl.at\/index.php\/wp-json\/wp\/v2\/pages"}],"about":[{"href":"http:\/\/kinderarzt-haidvogl.at\/index.php\/wp-json\/wp\/v2\/types\/page"}],"author":[{"embeddable":true,"href":"http:\/\/kinderarzt-haidvogl.at\/index.php\/wp-json\/wp\/v2\/users\/1"}],"replies":[{"embeddable":true,"href":"http:\/\/kinderarzt-haidvogl.at\/index.php\/wp-json\/wp\/v2\/comments?post=100"}],"version-history":[{"count":6,"href":"http:\/\/kinderarzt-haidvogl.at\/index.php\/wp-json\/wp\/v2\/pages\/100\/revisions"}],"predecessor-version":[{"id":147,"href":"http:\/\/kinderarzt-haidvogl.at\/index.php\/wp-json\/wp\/v2\/pages\/100\/revisions\/147"}],"wp:attachment":[{"href":"http:\/\/kinderarzt-haidvogl.at\/index.php\/wp-json\/wp\/v2\/media?parent=100"}],"curies":[{"name":"wp","href":"https:\/\/api.w.org\/{rel}","templated":true}]}}